{"id":996,"date":"2023-12-26T11:32:58","date_gmt":"2023-12-26T10:32:58","guid":{"rendered":"https:\/\/perfilescieza.es\/?post_type=product&#038;p=996"},"modified":"2026-03-03T18:05:26","modified_gmt":"2026-03-03T17:05:26","slug":"redondos-lisos-y-macizos","status":"publish","type":"product","link":"https:\/\/perfilescieza.es\/fr\/produit\/redondos-lisos-y-macizos\/","title":{"rendered":"Ronds lisses et solides"},"content":{"rendered":"<p>Tous types de mat\u00e9riaux en ronds lisses et carr\u00e9s pleins<\/p>\n<p>V\u00e9rifier les mesures<\/p>\n<p><strong>Les meilleurs prix du march\u00e9, n&#039;h\u00e9sitez pas \u00e0 demander.<\/strong><\/p>","protected":false},"excerpt":{"rendered":"<p>Tous types de mat\u00e9riaux en ronds lisses et carr\u00e9s pleins<\/p>\n<p>V\u00e9rifier les mesures<\/p>\n<p><strong>Les meilleurs prix du march\u00e9, n&#039;h\u00e9sitez pas \u00e0 demander.<\/strong><\/p>","protected":false},"featured_media":999,"comment_status":"closed","ping_status":"closed","template":"","meta":{"_joinchat":[]},"product_brand":[],"product_cat":[20],"product_tag":[],"class_list":{"0":"post-996","1":"product","2":"type-product","3":"status-publish","4":"has-post-thumbnail","6":"product_cat-hierros","7":"aux-has-gallery","9":"first","10":"instock","11":"taxable","12":"shipping-taxable","13":"purchasable","14":"product-type-simple"},"_links":{"self":[{"href":"https:\/\/perfilescieza.es\/fr\/wp-json\/wp\/v2\/product\/996","targetHints":{"allow":["GET"]}}],"collection":[{"href":"https:\/\/perfilescieza.es\/fr\/wp-json\/wp\/v2\/product"}],"about":[{"href":"https:\/\/perfilescieza.es\/fr\/wp-json\/wp\/v2\/types\/product"}],"replies":[{"embeddable":true,"href":"https:\/\/perfilescieza.es\/fr\/wp-json\/wp\/v2\/comments?post=996"}],"wp:featuredmedia":[{"embeddable":true,"href":"https:\/\/perfilescieza.es\/fr\/wp-json\/wp\/v2\/media\/999"}],"wp:attachment":[{"href":"https:\/\/perfilescieza.es\/fr\/wp-json\/wp\/v2\/media?parent=996"}],"wp:term":[{"taxonomy":"product_brand","embeddable":true,"href":"https:\/\/perfilescieza.es\/fr\/wp-json\/wp\/v2\/product_brand?post=996"},{"taxonomy":"product_cat","embeddable":true,"href":"https:\/\/perfilescieza.es\/fr\/wp-json\/wp\/v2\/product_cat?post=996"},{"taxonomy":"product_tag","embeddable":true,"href":"https:\/\/perfilescieza.es\/fr\/wp-json\/wp\/v2\/product_tag?post=996"}],"curies":[{"name":"wp","href":"https:\/\/api.w.org\/{rel}","templated":true}]}}