{"id":987,"date":"2023-12-26T10:03:51","date_gmt":"2023-12-26T09:03:51","guid":{"rendered":"https:\/\/perfilescieza.es\/?post_type=product&#038;p=987"},"modified":"2026-03-04T09:43:27","modified_gmt":"2026-03-04T08:43:27","slug":"mallazo","status":"publish","type":"product","link":"https:\/\/perfilescieza.es\/fr\/produit\/mallazo\/","title":{"rendered":"Maillage d\u00e9classifi\u00e9"},"content":{"rendered":"<p>Maillage d\u00e9classifi\u00e9<\/p>\n<p>Peintures :<\/p>\n<p>15x15<\/p>\n<p>20x20<\/p>\n<p>30x30<\/p>\n<p>20x15<\/p>\n<p>30x20<\/p>\n<p>40x20<\/p>\n<p>Tous diam\u00e8tres : 4, 5, 6, 7, 8, 10 et 12 mm<\/p>\n<p><strong>Veuillez vous renseigner sur le prix.<\/strong><\/p>","protected":false},"excerpt":{"rendered":"<p>Maillage d\u00e9classifi\u00e9<\/p>\n<p>Peintures :<\/p>\n<p>15x15<\/p>\n<p>20x20<\/p>\n<p>30x30<\/p>\n<p>20x15<\/p>\n<p>30x20<\/p>\n<p>40x20<\/p>\n<p>Tous diam\u00e8tres : 4, 5, 6, 7, 8, 10 et 12 mm<\/p>\n<p><b>Veuillez vous renseigner sur le prix.<\/b><\/p>","protected":false},"featured_media":991,"comment_status":"closed","ping_status":"closed","template":"","meta":{"_joinchat":[]},"product_brand":[],"product_cat":[20],"product_tag":[],"class_list":{"0":"post-987","1":"product","2":"type-product","3":"status-publish","4":"has-post-thumbnail","6":"product_cat-hierros","7":"aux-has-gallery","9":"first","10":"instock","11":"taxable","12":"shipping-taxable","13":"product-type-simple"},"_links":{"self":[{"href":"https:\/\/perfilescieza.es\/fr\/wp-json\/wp\/v2\/product\/987","targetHints":{"allow":["GET"]}}],"collection":[{"href":"https:\/\/perfilescieza.es\/fr\/wp-json\/wp\/v2\/product"}],"about":[{"href":"https:\/\/perfilescieza.es\/fr\/wp-json\/wp\/v2\/types\/product"}],"replies":[{"embeddable":true,"href":"https:\/\/perfilescieza.es\/fr\/wp-json\/wp\/v2\/comments?post=987"}],"wp:featuredmedia":[{"embeddable":true,"href":"https:\/\/perfilescieza.es\/fr\/wp-json\/wp\/v2\/media\/991"}],"wp:attachment":[{"href":"https:\/\/perfilescieza.es\/fr\/wp-json\/wp\/v2\/media?parent=987"}],"wp:term":[{"taxonomy":"product_brand","embeddable":true,"href":"https:\/\/perfilescieza.es\/fr\/wp-json\/wp\/v2\/product_brand?post=987"},{"taxonomy":"product_cat","embeddable":true,"href":"https:\/\/perfilescieza.es\/fr\/wp-json\/wp\/v2\/product_cat?post=987"},{"taxonomy":"product_tag","embeddable":true,"href":"https:\/\/perfilescieza.es\/fr\/wp-json\/wp\/v2\/product_tag?post=987"}],"curies":[{"name":"wp","href":"https:\/\/api.w.org\/{rel}","templated":true}]}}