{"id":925,"date":"2023-12-14T12:39:54","date_gmt":"2023-12-14T11:39:54","guid":{"rendered":"https:\/\/perfilescieza.es\/?post_type=product&#038;p=925"},"modified":"2026-04-13T09:32:27","modified_gmt":"2026-04-13T07:32:27","slug":"tubos-rectangular-redondo-cuadrado-ovalado","status":"publish","type":"product","link":"https:\/\/perfilescieza.es\/fr\/produit\/tubos-rectangular-redondo-cuadrado-ovalado\/","title":{"rendered":"Tubes rectangulaires \/ ronds \/ carr\u00e9s \/ ovales"},"content":{"rendered":"<p>Tubes rectangulaires \/ ronds \/ carr\u00e9s \/ ovales.<\/p>\n<p>Qualit\u00e9 : noir et marin\u00e9 \u00e0 froid.<\/p>\n<p>\u00c9paisseurs de 1 \u00e0 15 mm.<\/p>\n<p>Mat\u00e9riaux de premi\u00e8re et de deuxi\u00e8me qualit\u00e9.<\/p>","protected":false},"excerpt":{"rendered":"<p>Tubes rectangulaires \/ ronds \/ carr\u00e9s \/ ovales<\/p>\n<p>Qualit\u00e9 : noir et marin\u00e9 \u00e0 froid.<\/p>\n<p>\u00c9paisseurs de 1 \u00e0 15 mm.<\/p>\n<p>Mat\u00e9riaux de premi\u00e8re et de deuxi\u00e8me qualit\u00e9.<\/p>","protected":false},"featured_media":928,"comment_status":"closed","ping_status":"closed","template":"","meta":{"_joinchat":[]},"product_brand":[],"product_cat":[20],"product_tag":[],"class_list":{"0":"post-925","1":"product","2":"type-product","3":"status-publish","4":"has-post-thumbnail","6":"product_cat-hierros","7":"aux-has-gallery","9":"first","10":"instock","11":"taxable","12":"shipping-taxable","13":"purchasable","14":"product-type-simple"},"_links":{"self":[{"href":"https:\/\/perfilescieza.es\/fr\/wp-json\/wp\/v2\/product\/925","targetHints":{"allow":["GET"]}}],"collection":[{"href":"https:\/\/perfilescieza.es\/fr\/wp-json\/wp\/v2\/product"}],"about":[{"href":"https:\/\/perfilescieza.es\/fr\/wp-json\/wp\/v2\/types\/product"}],"replies":[{"embeddable":true,"href":"https:\/\/perfilescieza.es\/fr\/wp-json\/wp\/v2\/comments?post=925"}],"wp:featuredmedia":[{"embeddable":true,"href":"https:\/\/perfilescieza.es\/fr\/wp-json\/wp\/v2\/media\/928"}],"wp:attachment":[{"href":"https:\/\/perfilescieza.es\/fr\/wp-json\/wp\/v2\/media?parent=925"}],"wp:term":[{"taxonomy":"product_brand","embeddable":true,"href":"https:\/\/perfilescieza.es\/fr\/wp-json\/wp\/v2\/product_brand?post=925"},{"taxonomy":"product_cat","embeddable":true,"href":"https:\/\/perfilescieza.es\/fr\/wp-json\/wp\/v2\/product_cat?post=925"},{"taxonomy":"product_tag","embeddable":true,"href":"https:\/\/perfilescieza.es\/fr\/wp-json\/wp\/v2\/product_tag?post=925"}],"curies":[{"name":"wp","href":"https:\/\/api.w.org\/{rel}","templated":true}]}}