{"id":906,"date":"2023-12-14T09:41:23","date_gmt":"2023-12-14T08:41:23","guid":{"rendered":"https:\/\/perfilescieza.es\/?post_type=product&#038;p=906"},"modified":"2026-03-05T11:45:19","modified_gmt":"2026-03-05T10:45:19","slug":"puertas-cortafuegos","status":"publish","type":"product","link":"https:\/\/perfilescieza.es\/fr\/produit\/puertas-cortafuegos\/","title":{"rendered":"Portes de d\u00e9barras"},"content":{"rendered":"<p>Portes pour usage int\u00e9rieur et\/ou ext\u00e9rieur, galvanis\u00e9es, laqu\u00e9es blanc et finies en bois. Avec et sans grille<\/p>\n<p>Peut contenir des d\u00e9fauts.<\/p>","protected":false},"excerpt":{"rendered":"<p>Portes pour usage int\u00e9rieur et\/ou ext\u00e9rieur, galvanis\u00e9es, laqu\u00e9es blanc et finies en bois. Avec et sans grille<\/p>\n<p>Peut contenir des d\u00e9fauts.<\/p>","protected":false},"featured_media":919,"comment_status":"closed","ping_status":"closed","template":"","meta":{"_joinchat":[]},"product_brand":[],"product_cat":[60],"product_tag":[],"class_list":{"0":"post-906","1":"product","2":"type-product","3":"status-publish","4":"has-post-thumbnail","6":"product_cat-puertas","7":"aux-has-gallery","9":"first","10":"instock","11":"taxable","12":"shipping-taxable","13":"purchasable","14":"product-type-simple"},"_links":{"self":[{"href":"https:\/\/perfilescieza.es\/fr\/wp-json\/wp\/v2\/product\/906","targetHints":{"allow":["GET"]}}],"collection":[{"href":"https:\/\/perfilescieza.es\/fr\/wp-json\/wp\/v2\/product"}],"about":[{"href":"https:\/\/perfilescieza.es\/fr\/wp-json\/wp\/v2\/types\/product"}],"replies":[{"embeddable":true,"href":"https:\/\/perfilescieza.es\/fr\/wp-json\/wp\/v2\/comments?post=906"}],"wp:featuredmedia":[{"embeddable":true,"href":"https:\/\/perfilescieza.es\/fr\/wp-json\/wp\/v2\/media\/919"}],"wp:attachment":[{"href":"https:\/\/perfilescieza.es\/fr\/wp-json\/wp\/v2\/media?parent=906"}],"wp:term":[{"taxonomy":"product_brand","embeddable":true,"href":"https:\/\/perfilescieza.es\/fr\/wp-json\/wp\/v2\/product_brand?post=906"},{"taxonomy":"product_cat","embeddable":true,"href":"https:\/\/perfilescieza.es\/fr\/wp-json\/wp\/v2\/product_cat?post=906"},{"taxonomy":"product_tag","embeddable":true,"href":"https:\/\/perfilescieza.es\/fr\/wp-json\/wp\/v2\/product_tag?post=906"}],"curies":[{"name":"wp","href":"https:\/\/api.w.org\/{rel}","templated":true}]}}