{"id":804,"date":"2023-12-11T12:46:02","date_gmt":"2023-12-11T11:46:02","guid":{"rendered":"https:\/\/perfilescieza.es\/?post_type=product&#038;p=804"},"modified":"2026-03-12T13:00:03","modified_gmt":"2026-03-12T12:00:03","slug":"chapa-trapezoidal-y-minionda","status":"publish","type":"product","link":"https:\/\/perfilescieza.es\/fr\/produit\/chapa-trapezoidal-y-minionda\/","title":{"rendered":"T\u00f4le ondul\u00e9e et rainur\u00e9e laqu\u00e9e"},"content":{"rendered":"<p>Mat\u00e9riau r\u00e9alis\u00e9 en t\u00f4le galvanis\u00e9e de qualit\u00e9 DX51 Z275 \u00e0 haute r\u00e9sistance, avec ajout d&#039;un rev\u00eatement en r\u00e9sine thermolaqu\u00e9e avec des finitions rugueuses et lisses.<\/p>\n<p>Consultez les couleurs.<\/p>","protected":false},"excerpt":{"rendered":"<p>Mat\u00e9riau r\u00e9alis\u00e9 en t\u00f4le galvanis\u00e9e de qualit\u00e9 DX51 Z275 \u00e0 haute r\u00e9sistance, avec ajout d&#039;un rev\u00eatement en r\u00e9sine thermolaqu\u00e9e avec des finitions rugueuses et lisses.<\/p>\n<p>Consultez les couleurs.<\/p>\n<p>Nous fabriquons la t\u00f4le \u00e0 la dimension souhait\u00e9e.<\/p>","protected":false},"featured_media":738,"comment_status":"closed","ping_status":"closed","template":"","meta":{"_joinchat":[]},"product_brand":[],"product_cat":[58],"product_tag":[],"class_list":{"0":"post-804","1":"product","2":"type-product","3":"status-publish","4":"has-post-thumbnail","6":"product_cat-chapa","7":"aux-has-gallery","9":"first","10":"instock","11":"taxable","12":"shipping-taxable","13":"purchasable","14":"product-type-simple"},"_links":{"self":[{"href":"https:\/\/perfilescieza.es\/fr\/wp-json\/wp\/v2\/product\/804","targetHints":{"allow":["GET"]}}],"collection":[{"href":"https:\/\/perfilescieza.es\/fr\/wp-json\/wp\/v2\/product"}],"about":[{"href":"https:\/\/perfilescieza.es\/fr\/wp-json\/wp\/v2\/types\/product"}],"replies":[{"embeddable":true,"href":"https:\/\/perfilescieza.es\/fr\/wp-json\/wp\/v2\/comments?post=804"}],"wp:featuredmedia":[{"embeddable":true,"href":"https:\/\/perfilescieza.es\/fr\/wp-json\/wp\/v2\/media\/738"}],"wp:attachment":[{"href":"https:\/\/perfilescieza.es\/fr\/wp-json\/wp\/v2\/media?parent=804"}],"wp:term":[{"taxonomy":"product_brand","embeddable":true,"href":"https:\/\/perfilescieza.es\/fr\/wp-json\/wp\/v2\/product_brand?post=804"},{"taxonomy":"product_cat","embeddable":true,"href":"https:\/\/perfilescieza.es\/fr\/wp-json\/wp\/v2\/product_cat?post=804"},{"taxonomy":"product_tag","embeddable":true,"href":"https:\/\/perfilescieza.es\/fr\/wp-json\/wp\/v2\/product_tag?post=804"}],"curies":[{"name":"wp","href":"https:\/\/api.w.org\/{rel}","templated":true}]}}