{"id":3090,"date":"2026-05-14T12:37:28","date_gmt":"2026-05-14T10:37:28","guid":{"rendered":"https:\/\/perfilescieza.es\/?post_type=product&#038;p=3090"},"modified":"2026-05-14T12:37:28","modified_gmt":"2026-05-14T10:37:28","slug":"chapa-grecada-y-minionda-galvanizada","status":"publish","type":"product","link":"https:\/\/perfilescieza.es\/fr\/produit\/chapa-grecada-y-minionda-galvanizada\/","title":{"rendered":"T\u00f4le galvanis\u00e9e ondul\u00e9e et micro-ondul\u00e9e"},"content":{"rendered":"<p><strong>T\u00f4le galvanis\u00e9e ondul\u00e9e et mini-ondul\u00e9e.<\/strong><\/p>\n<p>-Nous fabriquons la t\u00f4le aux dimensions souhait\u00e9es.<\/p>\n<p>-1 m\u00e8tre de large.<\/p>\n<p>-\u00c9paisseurs de 0,5 et 0,6 mm.<\/p>\n<p><em><strong>Les meilleurs prix du march\u00e9, n&#039;h\u00e9sitez pas \u00e0 demander.<\/strong><\/em><\/p>","protected":false},"excerpt":{"rendered":"<p><strong>T\u00f4le galvanis\u00e9e ondul\u00e9e et mini-ondul\u00e9e.<\/strong><\/p>\n<p>-Nous fabriquons la t\u00f4le aux dimensions souhait\u00e9es.<\/p>\n<p>-1 m\u00e8tre de large.<\/p>\n<p>-\u00c9paisseurs de 0,5 et 0,6 mm.<\/p>\n<p><em><strong>Les meilleurs prix du march\u00e9, n&#039;h\u00e9sitez pas \u00e0 demander.<\/strong><\/em><\/p>","protected":false},"featured_media":3091,"comment_status":"closed","ping_status":"closed","template":"","meta":{"_joinchat":[]},"product_brand":[],"product_cat":[58],"product_tag":[],"class_list":{"0":"post-3090","1":"product","2":"type-product","3":"status-publish","4":"has-post-thumbnail","6":"product_cat-chapa","7":"aux-has-gallery","9":"first","10":"instock","11":"taxable","12":"shipping-taxable","13":"purchasable","14":"product-type-simple"},"_links":{"self":[{"href":"https:\/\/perfilescieza.es\/fr\/wp-json\/wp\/v2\/product\/3090","targetHints":{"allow":["GET"]}}],"collection":[{"href":"https:\/\/perfilescieza.es\/fr\/wp-json\/wp\/v2\/product"}],"about":[{"href":"https:\/\/perfilescieza.es\/fr\/wp-json\/wp\/v2\/types\/product"}],"replies":[{"embeddable":true,"href":"https:\/\/perfilescieza.es\/fr\/wp-json\/wp\/v2\/comments?post=3090"}],"wp:featuredmedia":[{"embeddable":true,"href":"https:\/\/perfilescieza.es\/fr\/wp-json\/wp\/v2\/media\/3091"}],"wp:attachment":[{"href":"https:\/\/perfilescieza.es\/fr\/wp-json\/wp\/v2\/media?parent=3090"}],"wp:term":[{"taxonomy":"product_brand","embeddable":true,"href":"https:\/\/perfilescieza.es\/fr\/wp-json\/wp\/v2\/product_brand?post=3090"},{"taxonomy":"product_cat","embeddable":true,"href":"https:\/\/perfilescieza.es\/fr\/wp-json\/wp\/v2\/product_cat?post=3090"},{"taxonomy":"product_tag","embeddable":true,"href":"https:\/\/perfilescieza.es\/fr\/wp-json\/wp\/v2\/product_tag?post=3090"}],"curies":[{"name":"wp","href":"https:\/\/api.w.org\/{rel}","templated":true}]}}