{"id":3010,"date":"2026-04-23T09:03:17","date_gmt":"2026-04-23T07:03:17","guid":{"rendered":"https:\/\/perfilescieza.es\/?post_type=product&#038;p=3010"},"modified":"2026-04-23T09:03:17","modified_gmt":"2026-04-23T07:03:17","slug":"tornillo-psw3","status":"publish","type":"product","link":"https:\/\/perfilescieza.es\/fr\/produit\/tornillo-psw3\/","title":{"rendered":"Vis PSW3"},"content":{"rendered":"<p>-Vis sp\u00e9cifique pour la fixation d&#039;un panneau sandwich m\u00e9tallique sur un support m\u00e9tallique \u22646 mm.<\/p>\n<p>-Filetage inf\u00e9rieur \u00d85,5 mm pour un ancrage ferme dans le mat\u00e9riau de base.<\/p>\n<p>-Filet sup\u00e9rieur sous la t\u00eate qui fixe la feuille ext\u00e9rieure du panneau et sert de but\u00e9e de serrage.<\/p>\n<p>-Fourniture standard avec rondelle d&#039;\u00e9tanch\u00e9it\u00e9 \u00d816 mm pour l&#039;\u00e9tanch\u00e9it\u00e9 externe.<\/p>\n<p>- Disponible laqu\u00e9 sur demande dans n&#039;importe quelle couleur du nuancier RAL.<\/p>\n<p>&nbsp;<\/p>","protected":false},"excerpt":{"rendered":"<p>-Vis sp\u00e9cifique pour la fixation d&#039;un panneau sandwich m\u00e9tallique sur un support m\u00e9tallique \u22646 mm.<\/p>\n<p>-Filetage inf\u00e9rieur \u00d85,5 mm pour un ancrage ferme dans le mat\u00e9riau de base.<\/p>\n<p>-Filet sup\u00e9rieur sous la t\u00eate qui fixe la feuille ext\u00e9rieure du panneau et sert de but\u00e9e de serrage.<\/p>\n<p>-Fourniture standard avec rondelle d&#039;\u00e9tanch\u00e9it\u00e9 \u00d816 mm pour l&#039;\u00e9tanch\u00e9it\u00e9 externe.<\/p>\n<p>- Disponible laqu\u00e9 sur demande dans n&#039;importe quelle couleur du nuancier RAL.<\/p>\n<p>&nbsp;<\/p>","protected":false},"featured_media":3011,"comment_status":"closed","ping_status":"closed","template":"","meta":{"_joinchat":[]},"product_brand":[],"product_cat":[72],"product_tag":[],"class_list":{"0":"post-3010","1":"product","2":"type-product","3":"status-publish","4":"has-post-thumbnail","6":"product_cat-tornilleria-para-panel-sandwich","8":"first","9":"instock","10":"taxable","11":"shipping-taxable","12":"purchasable","13":"product-type-simple"},"_links":{"self":[{"href":"https:\/\/perfilescieza.es\/fr\/wp-json\/wp\/v2\/product\/3010","targetHints":{"allow":["GET"]}}],"collection":[{"href":"https:\/\/perfilescieza.es\/fr\/wp-json\/wp\/v2\/product"}],"about":[{"href":"https:\/\/perfilescieza.es\/fr\/wp-json\/wp\/v2\/types\/product"}],"replies":[{"embeddable":true,"href":"https:\/\/perfilescieza.es\/fr\/wp-json\/wp\/v2\/comments?post=3010"}],"wp:featuredmedia":[{"embeddable":true,"href":"https:\/\/perfilescieza.es\/fr\/wp-json\/wp\/v2\/media\/3011"}],"wp:attachment":[{"href":"https:\/\/perfilescieza.es\/fr\/wp-json\/wp\/v2\/media?parent=3010"}],"wp:term":[{"taxonomy":"product_brand","embeddable":true,"href":"https:\/\/perfilescieza.es\/fr\/wp-json\/wp\/v2\/product_brand?post=3010"},{"taxonomy":"product_cat","embeddable":true,"href":"https:\/\/perfilescieza.es\/fr\/wp-json\/wp\/v2\/product_cat?post=3010"},{"taxonomy":"product_tag","embeddable":true,"href":"https:\/\/perfilescieza.es\/fr\/wp-json\/wp\/v2\/product_tag?post=3010"}],"curies":[{"name":"wp","href":"https:\/\/api.w.org\/{rel}","templated":true}]}}