{"id":3008,"date":"2026-04-23T09:00:38","date_gmt":"2026-04-23T07:00:38","guid":{"rendered":"https:\/\/perfilescieza.es\/?post_type=product&#038;p=3008"},"modified":"2026-04-23T09:00:38","modified_gmt":"2026-04-23T07:00:38","slug":"tornillo-ruspert-tph","status":"publish","type":"product","link":"https:\/\/perfilescieza.es\/fr\/produit\/tornillo-ruspert-tph\/","title":{"rendered":"Vis Ruspert tph"},"content":{"rendered":"<p>-Syst\u00e8me 3 en 1 : ancrages, filetage et fixations en une seule op\u00e9ration (sans cheville)<\/p>\n<p>-Filetage Hi-Lo cr\u00e9ant un joint m\u00e9canique r\u00e9versible \u00e0 haute r\u00e9sistance \u00e0 la traction.<\/p>\n<p>-Comprend une rondelle d&#039;\u00e9tanch\u00e9it\u00e9 \u00d818 mm pour l&#039;\u00e9tanch\u00e9it\u00e9 externe.<\/p>\n<p>- Convient pour la ma\u00e7onnerie et le bois.<\/p>\n<p>- Disponible laqu\u00e9 dans toutes les couleurs RAL.<\/p>","protected":false},"excerpt":{"rendered":"<p>-Syst\u00e8me 3 en 1 : ancrages, filetage et fixations en une seule op\u00e9ration (sans cheville)<\/p>\n<p>-Filetage Hi-Lo cr\u00e9ant un joint m\u00e9canique r\u00e9versible \u00e0 haute r\u00e9sistance \u00e0 la traction.<\/p>\n<p>-Comprend une rondelle d&#039;\u00e9tanch\u00e9it\u00e9 \u00d818 mm pour l&#039;\u00e9tanch\u00e9it\u00e9 externe.<\/p>\n<p>- Convient pour la ma\u00e7onnerie et le bois.<\/p>\n<p>- Disponible laqu\u00e9 dans toutes les couleurs RAL.<\/p>","protected":false},"featured_media":3009,"comment_status":"closed","ping_status":"closed","template":"","meta":{"_joinchat":[]},"product_brand":[],"product_cat":[72],"product_tag":[],"class_list":{"0":"post-3008","1":"product","2":"type-product","3":"status-publish","4":"has-post-thumbnail","6":"product_cat-tornilleria-para-panel-sandwich","8":"first","9":"instock","10":"taxable","11":"shipping-taxable","12":"purchasable","13":"product-type-simple"},"_links":{"self":[{"href":"https:\/\/perfilescieza.es\/fr\/wp-json\/wp\/v2\/product\/3008","targetHints":{"allow":["GET"]}}],"collection":[{"href":"https:\/\/perfilescieza.es\/fr\/wp-json\/wp\/v2\/product"}],"about":[{"href":"https:\/\/perfilescieza.es\/fr\/wp-json\/wp\/v2\/types\/product"}],"replies":[{"embeddable":true,"href":"https:\/\/perfilescieza.es\/fr\/wp-json\/wp\/v2\/comments?post=3008"}],"wp:featuredmedia":[{"embeddable":true,"href":"https:\/\/perfilescieza.es\/fr\/wp-json\/wp\/v2\/media\/3009"}],"wp:attachment":[{"href":"https:\/\/perfilescieza.es\/fr\/wp-json\/wp\/v2\/media?parent=3008"}],"wp:term":[{"taxonomy":"product_brand","embeddable":true,"href":"https:\/\/perfilescieza.es\/fr\/wp-json\/wp\/v2\/product_brand?post=3008"},{"taxonomy":"product_cat","embeddable":true,"href":"https:\/\/perfilescieza.es\/fr\/wp-json\/wp\/v2\/product_cat?post=3008"},{"taxonomy":"product_tag","embeddable":true,"href":"https:\/\/perfilescieza.es\/fr\/wp-json\/wp\/v2\/product_tag?post=3008"}],"curies":[{"name":"wp","href":"https:\/\/api.w.org\/{rel}","templated":true}]}}