{"id":3005,"date":"2026-04-23T08:56:54","date_gmt":"2026-04-23T06:56:54","guid":{"rendered":"https:\/\/perfilescieza.es\/?post_type=product&#038;p=3005"},"modified":"2026-04-23T08:56:54","modified_gmt":"2026-04-23T06:56:54","slug":"tornillo-dk-drill","status":"publish","type":"product","link":"https:\/\/perfilescieza.es\/fr\/produit\/tornillo-dk-drill\/","title":{"rendered":"Vis \u00e0 t\u00eate frais\u00e9e DK"},"content":{"rendered":"<p>-Autoperceuse : perce, forme le filetage et se fixe en une seule op\u00e9ration.<\/p>\n<p>- Optimise les temps d&#039;assemblage et r\u00e9duit l&#039;utilisation d&#039;outils.<\/p>\n<p>-Assembl\u00e9 avec une rondelle d&#039;\u00e9tanch\u00e9it\u00e9 en acier et EPDM.<\/p>\n<p>- Fixation directe \u00e0 haute fiabilit\u00e9 m\u00e9canique.<\/p>","protected":false},"excerpt":{"rendered":"<p>-Autoperceuse : perce, forme le filetage et se fixe en une seule op\u00e9ration.<\/p>\n<p>- Optimise les temps d&#039;assemblage et r\u00e9duit l&#039;utilisation d&#039;outils.<\/p>\n<p>-Assembl\u00e9 avec une rondelle d&#039;\u00e9tanch\u00e9it\u00e9 en acier et EPDM.<\/p>\n<p>- Fixation directe \u00e0 haute fiabilit\u00e9 m\u00e9canique.<\/p>","protected":false},"featured_media":3006,"comment_status":"closed","ping_status":"closed","template":"","meta":{"_joinchat":[]},"product_brand":[],"product_cat":[72],"product_tag":[],"class_list":{"0":"post-3005","1":"product","2":"type-product","3":"status-publish","4":"has-post-thumbnail","6":"product_cat-tornilleria-para-panel-sandwich","8":"first","9":"instock","10":"taxable","11":"shipping-taxable","12":"purchasable","13":"product-type-simple"},"_links":{"self":[{"href":"https:\/\/perfilescieza.es\/fr\/wp-json\/wp\/v2\/product\/3005","targetHints":{"allow":["GET"]}}],"collection":[{"href":"https:\/\/perfilescieza.es\/fr\/wp-json\/wp\/v2\/product"}],"about":[{"href":"https:\/\/perfilescieza.es\/fr\/wp-json\/wp\/v2\/types\/product"}],"replies":[{"embeddable":true,"href":"https:\/\/perfilescieza.es\/fr\/wp-json\/wp\/v2\/comments?post=3005"}],"wp:featuredmedia":[{"embeddable":true,"href":"https:\/\/perfilescieza.es\/fr\/wp-json\/wp\/v2\/media\/3006"}],"wp:attachment":[{"href":"https:\/\/perfilescieza.es\/fr\/wp-json\/wp\/v2\/media?parent=3005"}],"wp:term":[{"taxonomy":"product_brand","embeddable":true,"href":"https:\/\/perfilescieza.es\/fr\/wp-json\/wp\/v2\/product_brand?post=3005"},{"taxonomy":"product_cat","embeddable":true,"href":"https:\/\/perfilescieza.es\/fr\/wp-json\/wp\/v2\/product_cat?post=3005"},{"taxonomy":"product_tag","embeddable":true,"href":"https:\/\/perfilescieza.es\/fr\/wp-json\/wp\/v2\/product_tag?post=3005"}],"curies":[{"name":"wp","href":"https:\/\/api.w.org\/{rel}","templated":true}]}}