{"id":2998,"date":"2026-04-22T12:57:57","date_gmt":"2026-04-22T10:57:57","guid":{"rendered":"https:\/\/perfilescieza.es\/?post_type=product&#038;p=2998"},"modified":"2026-04-22T12:57:57","modified_gmt":"2026-04-22T10:57:57","slug":"tornillo-panel-fix-ral-7016","status":"publish","type":"product","link":"https:\/\/perfilescieza.es\/fr\/produit\/tornillo-panel-fix-ral-7016\/","title":{"rendered":"Vis de fixation de panneau RAL 7016"},"content":{"rendered":"<p>-Vis sp\u00e9cifique pour la fixation du panneau noir de type carrelage.<\/p>\n<p>-\u00c9quip\u00e9 d&#039;une rondelle cloche de \u00d825 mm pour l&#039;\u00e9tanch\u00e9it\u00e9 sup\u00e9rieure.<\/p>\n<p>-Rondelle en aluminium + EPDM pour une \u00e9tanch\u00e9it\u00e9 externe maximale.<\/p>\n<p>-EPDM noir pour une int\u00e9gration esth\u00e9tique avec le couvercle.<\/p>\n<p>- Syst\u00e8me de fixation fiable avec protection contre les fuites et les vibrations.<\/p>","protected":false},"excerpt":{"rendered":"<p>-Vis sp\u00e9cifique pour la fixation du panneau noir de type carrelage.<\/p>\n<p>-\u00c9quip\u00e9 d&#039;une rondelle cloche de \u00d825 mm pour l&#039;\u00e9tanch\u00e9it\u00e9 sup\u00e9rieure.<\/p>\n<p>-Rondelle en aluminium + EPDM pour une \u00e9tanch\u00e9it\u00e9 externe maximale.<\/p>\n<p>-EPDM noir pour une int\u00e9gration esth\u00e9tique avec le couvercle.<\/p>\n<p>- Syst\u00e8me de fixation fiable avec protection contre les fuites et les vibrations.<\/p>","protected":false},"featured_media":2999,"comment_status":"closed","ping_status":"closed","template":"","meta":{"_joinchat":[]},"product_brand":[],"product_cat":[72],"product_tag":[],"class_list":{"0":"post-2998","1":"product","2":"type-product","3":"status-publish","4":"has-post-thumbnail","6":"product_cat-tornilleria-para-panel-sandwich","8":"first","9":"instock","10":"taxable","11":"shipping-taxable","12":"product-type-simple"},"_links":{"self":[{"href":"https:\/\/perfilescieza.es\/fr\/wp-json\/wp\/v2\/product\/2998","targetHints":{"allow":["GET"]}}],"collection":[{"href":"https:\/\/perfilescieza.es\/fr\/wp-json\/wp\/v2\/product"}],"about":[{"href":"https:\/\/perfilescieza.es\/fr\/wp-json\/wp\/v2\/types\/product"}],"replies":[{"embeddable":true,"href":"https:\/\/perfilescieza.es\/fr\/wp-json\/wp\/v2\/comments?post=2998"}],"wp:featuredmedia":[{"embeddable":true,"href":"https:\/\/perfilescieza.es\/fr\/wp-json\/wp\/v2\/media\/2999"}],"wp:attachment":[{"href":"https:\/\/perfilescieza.es\/fr\/wp-json\/wp\/v2\/media?parent=2998"}],"wp:term":[{"taxonomy":"product_brand","embeddable":true,"href":"https:\/\/perfilescieza.es\/fr\/wp-json\/wp\/v2\/product_brand?post=2998"},{"taxonomy":"product_cat","embeddable":true,"href":"https:\/\/perfilescieza.es\/fr\/wp-json\/wp\/v2\/product_cat?post=2998"},{"taxonomy":"product_tag","embeddable":true,"href":"https:\/\/perfilescieza.es\/fr\/wp-json\/wp\/v2\/product_tag?post=2998"}],"curies":[{"name":"wp","href":"https:\/\/api.w.org\/{rel}","templated":true}]}}