{"id":2747,"date":"2026-03-09T17:05:38","date_gmt":"2026-03-09T16:05:38","guid":{"rendered":"https:\/\/perfilescieza.es\/?post_type=product&#038;p=2747"},"modified":"2026-03-10T09:08:26","modified_gmt":"2026-03-10T08:08:26","slug":"panel-albero-blanco","status":"publish","type":"product","link":"https:\/\/perfilescieza.es\/fr\/produit\/panel-albero-blanco\/","title":{"rendered":"Panneau de carreaux blancs Albero"},"content":{"rendered":"<p>Panneau de carreaux de couleur ocre\/blanc.<\/p>\n<p>Diff\u00e9rentes mesures.<\/p>\n<p><strong>Les meilleurs prix du march\u00e9, n&#039;h\u00e9sitez pas \u00e0 demander.<\/strong><\/p>","protected":false},"excerpt":{"rendered":"<p>Panneau de carreaux de couleur ocre\/blanc.<\/p>\n<p>Diff\u00e9rentes mesures.<\/p>\n<p><strong>Les meilleurs prix du march\u00e9, n&#039;h\u00e9sitez pas \u00e0 demander.<\/strong><\/p>","protected":false},"featured_media":2749,"comment_status":"closed","ping_status":"closed","template":"","meta":{"_joinchat":[]},"product_brand":[],"product_cat":[63],"product_tag":[],"class_list":{"0":"post-2747","1":"product","2":"type-product","3":"status-publish","4":"has-post-thumbnail","6":"product_cat-panel-sandwich","7":"aux-has-gallery","9":"first","10":"instock","11":"taxable","12":"shipping-taxable","13":"purchasable","14":"product-type-simple"},"_links":{"self":[{"href":"https:\/\/perfilescieza.es\/fr\/wp-json\/wp\/v2\/product\/2747","targetHints":{"allow":["GET"]}}],"collection":[{"href":"https:\/\/perfilescieza.es\/fr\/wp-json\/wp\/v2\/product"}],"about":[{"href":"https:\/\/perfilescieza.es\/fr\/wp-json\/wp\/v2\/types\/product"}],"replies":[{"embeddable":true,"href":"https:\/\/perfilescieza.es\/fr\/wp-json\/wp\/v2\/comments?post=2747"}],"wp:featuredmedia":[{"embeddable":true,"href":"https:\/\/perfilescieza.es\/fr\/wp-json\/wp\/v2\/media\/2749"}],"wp:attachment":[{"href":"https:\/\/perfilescieza.es\/fr\/wp-json\/wp\/v2\/media?parent=2747"}],"wp:term":[{"taxonomy":"product_brand","embeddable":true,"href":"https:\/\/perfilescieza.es\/fr\/wp-json\/wp\/v2\/product_brand?post=2747"},{"taxonomy":"product_cat","embeddable":true,"href":"https:\/\/perfilescieza.es\/fr\/wp-json\/wp\/v2\/product_cat?post=2747"},{"taxonomy":"product_tag","embeddable":true,"href":"https:\/\/perfilescieza.es\/fr\/wp-json\/wp\/v2\/product_tag?post=2747"}],"curies":[{"name":"wp","href":"https:\/\/api.w.org\/{rel}","templated":true}]}}