{"id":2710,"date":"2026-03-09T09:12:44","date_gmt":"2026-03-09T08:12:44","guid":{"rendered":"https:\/\/perfilescieza.es\/?post_type=product&#038;p=2710"},"modified":"2026-03-24T12:14:37","modified_gmt":"2026-03-24T11:14:37","slug":"panel-teja-rojo-blanco","status":"publish","type":"product","link":"https:\/\/perfilescieza.es\/fr\/produit\/panel-teja-rojo-blanco\/","title":{"rendered":"panneau de carreaux rouges et blancs"},"content":{"rendered":"<p>Panneau de carreaux rouges et blancs.<\/p>\n<p>Diff\u00e9rentes mesures.<\/p>\n<p><strong>Les meilleurs prix du march\u00e9, n&#039;h\u00e9sitez pas \u00e0 demander.<\/strong><\/p>\n<p>&nbsp;<\/p>","protected":false},"excerpt":{"rendered":"<p>Panneau de carreaux rouges et blancs.<\/p>\n<p>Diff\u00e9rentes mesures.<\/p>\n<p><strong>Les meilleurs prix du march\u00e9, n&#039;h\u00e9sitez pas \u00e0 demander.<\/strong><\/p>","protected":false},"featured_media":2712,"comment_status":"closed","ping_status":"closed","template":"","meta":{"_joinchat":[]},"product_brand":[],"product_cat":[63],"product_tag":[],"class_list":{"0":"post-2710","1":"product","2":"type-product","3":"status-publish","4":"has-post-thumbnail","6":"product_cat-panel-sandwich","7":"aux-has-gallery","9":"first","10":"instock","11":"taxable","12":"shipping-taxable","13":"purchasable","14":"product-type-simple"},"_links":{"self":[{"href":"https:\/\/perfilescieza.es\/fr\/wp-json\/wp\/v2\/product\/2710","targetHints":{"allow":["GET"]}}],"collection":[{"href":"https:\/\/perfilescieza.es\/fr\/wp-json\/wp\/v2\/product"}],"about":[{"href":"https:\/\/perfilescieza.es\/fr\/wp-json\/wp\/v2\/types\/product"}],"replies":[{"embeddable":true,"href":"https:\/\/perfilescieza.es\/fr\/wp-json\/wp\/v2\/comments?post=2710"}],"wp:featuredmedia":[{"embeddable":true,"href":"https:\/\/perfilescieza.es\/fr\/wp-json\/wp\/v2\/media\/2712"}],"wp:attachment":[{"href":"https:\/\/perfilescieza.es\/fr\/wp-json\/wp\/v2\/media?parent=2710"}],"wp:term":[{"taxonomy":"product_brand","embeddable":true,"href":"https:\/\/perfilescieza.es\/fr\/wp-json\/wp\/v2\/product_brand?post=2710"},{"taxonomy":"product_cat","embeddable":true,"href":"https:\/\/perfilescieza.es\/fr\/wp-json\/wp\/v2\/product_cat?post=2710"},{"taxonomy":"product_tag","embeddable":true,"href":"https:\/\/perfilescieza.es\/fr\/wp-json\/wp\/v2\/product_tag?post=2710"}],"curies":[{"name":"wp","href":"https:\/\/api.w.org\/{rel}","templated":true}]}}