{"id":2655,"date":"2026-03-06T11:05:13","date_gmt":"2026-03-06T10:05:13","guid":{"rendered":"https:\/\/perfilescieza.es\/?post_type=product&#038;p=2655"},"modified":"2026-03-09T09:19:34","modified_gmt":"2026-03-09T08:19:34","slug":"panel-lana-de-roca-de-segunda","status":"publish","type":"product","link":"https:\/\/perfilescieza.es\/fr\/produit\/panel-lana-de-roca-de-segunda\/","title":{"rendered":"panneau de laine de roche de seconde qualit\u00e9"},"content":{"rendered":"<p>Panneau sandwich en laine de roche de seconde qualit\u00e9.<\/p>\n<p>Mat\u00e9riau : laine de roche.<\/p>\n<p>Disponible pour toiture et fa\u00e7ade.<\/p>\n<p>\u00c9paisseurs de 50 mm \u00e0 100 mm.<\/p>\n<div class=\"woocommerce-product-details__short-description\">\n<p><strong>Les meilleurs prix du march\u00e9, n&#039;h\u00e9sitez pas \u00e0 demander.<\/strong><\/p>\n<\/div>\n<div class=\"auxshp-sw-wrapper\">\n<div class=\"auxshp-share-wrapper\">\n<div class=\"aux-share-btn aux-tooltip-socials aux-tooltip-dark aux-socials\"><\/div>\n<\/div>\n<\/div>","protected":false},"excerpt":{"rendered":"<p>Panneau sandwich en laine de roche de seconde qualit\u00e9.<\/p>\n<p>Mat\u00e9riau : laine de roche.<\/p>\n<p>Disponible pour toiture et fa\u00e7ade.<\/p>\n<p>\u00c9paisseurs de 50 mm \u00e0 100 mm.<\/p>\n<div class=\"woocommerce-product-details__short-description\">\n<p><strong>Les meilleurs prix du march\u00e9, n&#039;h\u00e9sitez pas \u00e0 demander.<\/strong><\/p>\n<\/div>\n<div class=\"auxshp-sw-wrapper\">\n<div class=\"auxshp-share-wrapper\">\n<div class=\"aux-share-btn aux-tooltip-socials aux-tooltip-dark aux-socials\"><\/div>\n<\/div>\n<\/div>","protected":false},"featured_media":2657,"comment_status":"closed","ping_status":"closed","template":"","meta":{"_joinchat":[]},"product_brand":[],"product_cat":[63],"product_tag":[],"class_list":{"0":"post-2655","1":"product","2":"type-product","3":"status-publish","4":"has-post-thumbnail","6":"product_cat-panel-sandwich","7":"aux-has-gallery","9":"first","10":"instock","11":"taxable","12":"shipping-taxable","13":"purchasable","14":"product-type-simple"},"_links":{"self":[{"href":"https:\/\/perfilescieza.es\/fr\/wp-json\/wp\/v2\/product\/2655","targetHints":{"allow":["GET"]}}],"collection":[{"href":"https:\/\/perfilescieza.es\/fr\/wp-json\/wp\/v2\/product"}],"about":[{"href":"https:\/\/perfilescieza.es\/fr\/wp-json\/wp\/v2\/types\/product"}],"replies":[{"embeddable":true,"href":"https:\/\/perfilescieza.es\/fr\/wp-json\/wp\/v2\/comments?post=2655"}],"wp:featuredmedia":[{"embeddable":true,"href":"https:\/\/perfilescieza.es\/fr\/wp-json\/wp\/v2\/media\/2657"}],"wp:attachment":[{"href":"https:\/\/perfilescieza.es\/fr\/wp-json\/wp\/v2\/media?parent=2655"}],"wp:term":[{"taxonomy":"product_brand","embeddable":true,"href":"https:\/\/perfilescieza.es\/fr\/wp-json\/wp\/v2\/product_brand?post=2655"},{"taxonomy":"product_cat","embeddable":true,"href":"https:\/\/perfilescieza.es\/fr\/wp-json\/wp\/v2\/product_cat?post=2655"},{"taxonomy":"product_tag","embeddable":true,"href":"https:\/\/perfilescieza.es\/fr\/wp-json\/wp\/v2\/product_tag?post=2655"}],"curies":[{"name":"wp","href":"https:\/\/api.w.org\/{rel}","templated":true}]}}