{"id":2622,"date":"2026-03-03T17:32:52","date_gmt":"2026-03-03T16:32:52","guid":{"rendered":"https:\/\/perfilescieza.es\/?post_type=product&#038;p=2622"},"modified":"2026-03-05T09:11:02","modified_gmt":"2026-03-05T08:11:02","slug":"tubo-galvanizado-rectangular-redondo-cuadrado-ovalado","status":"publish","type":"product","link":"https:\/\/perfilescieza.es\/fr\/produit\/tubo-galvanizado-rectangular-redondo-cuadrado-ovalado\/","title":{"rendered":"Tube galvanis\u00e9 rectangulaire \/ rond \/ carr\u00e9 \/ ovale"},"content":{"rendered":"<p>Tubes rectangulaires \/ ronds \/ carr\u00e9s \/ ovales.<\/p>\n<p>Qualit\u00e9 : galvanis\u00e9.<\/p>\n<p>\u00c9paisseurs de 1 \u00e0 15 mm.<\/p>\n<p>Mat\u00e9riaux de premi\u00e8re et de deuxi\u00e8me qualit\u00e9.<\/p>","protected":false},"excerpt":{"rendered":"<p>Tubes rectangulaires \/ ronds \/ carr\u00e9s \/ ovales.<\/p>\n<p>Qualit\u00e9 : galvanis\u00e9.<\/p>\n<p>\u00c9paisseurs de 1 \u00e0 15 mm.<\/p>\n<p>Mat\u00e9riaux de premi\u00e8re et de deuxi\u00e8me qualit\u00e9.<\/p>","protected":false},"featured_media":2628,"comment_status":"closed","ping_status":"closed","template":"","meta":{"_joinchat":[]},"product_brand":[],"product_cat":[20],"product_tag":[],"class_list":{"0":"post-2622","1":"product","2":"type-product","3":"status-publish","4":"has-post-thumbnail","6":"product_cat-hierros","7":"aux-has-gallery","9":"first","10":"instock","11":"taxable","12":"shipping-taxable","13":"purchasable","14":"product-type-simple"},"_links":{"self":[{"href":"https:\/\/perfilescieza.es\/fr\/wp-json\/wp\/v2\/product\/2622","targetHints":{"allow":["GET"]}}],"collection":[{"href":"https:\/\/perfilescieza.es\/fr\/wp-json\/wp\/v2\/product"}],"about":[{"href":"https:\/\/perfilescieza.es\/fr\/wp-json\/wp\/v2\/types\/product"}],"replies":[{"embeddable":true,"href":"https:\/\/perfilescieza.es\/fr\/wp-json\/wp\/v2\/comments?post=2622"}],"wp:featuredmedia":[{"embeddable":true,"href":"https:\/\/perfilescieza.es\/fr\/wp-json\/wp\/v2\/media\/2628"}],"wp:attachment":[{"href":"https:\/\/perfilescieza.es\/fr\/wp-json\/wp\/v2\/media?parent=2622"}],"wp:term":[{"taxonomy":"product_brand","embeddable":true,"href":"https:\/\/perfilescieza.es\/fr\/wp-json\/wp\/v2\/product_brand?post=2622"},{"taxonomy":"product_cat","embeddable":true,"href":"https:\/\/perfilescieza.es\/fr\/wp-json\/wp\/v2\/product_cat?post=2622"},{"taxonomy":"product_tag","embeddable":true,"href":"https:\/\/perfilescieza.es\/fr\/wp-json\/wp\/v2\/product_tag?post=2622"}],"curies":[{"name":"wp","href":"https:\/\/api.w.org\/{rel}","templated":true}]}}