{"id":2466,"date":"2025-05-14T08:56:22","date_gmt":"2025-05-14T06:56:22","guid":{"rendered":"https:\/\/perfilescieza.es\/?post_type=product&#038;p=2466"},"modified":"2025-05-14T09:02:59","modified_gmt":"2025-05-14T07:02:59","slug":"chapas-troquelada","status":"publish","type":"product","link":"https:\/\/perfilescieza.es\/fr\/produit\/chapas-troquelada\/","title":{"rendered":"Badges d\u00e9coup\u00e9s"},"content":{"rendered":"<p>T\u00f4le d\u00e9coup\u00e9e \u00e0 froid, lamin\u00e9e \u00e0 chaud, galvanis\u00e9e, d\u00e9cap\u00e9e, etc.<\/p>\n<p><strong>Les meilleurs prix du march\u00e9, n&#039;h\u00e9sitez pas \u00e0 demander.<\/strong><\/p>","protected":false},"excerpt":{"rendered":"<p>T\u00f4le d\u00e9coup\u00e9e \u00e0 froid, lamin\u00e9e \u00e0 chaud, galvanis\u00e9e, d\u00e9cap\u00e9e, etc.<\/p>\n<p><strong>Les meilleurs prix du march\u00e9, n&#039;h\u00e9sitez pas \u00e0 demander.<\/strong><\/p>","protected":false},"featured_media":2469,"comment_status":"closed","ping_status":"closed","template":"","meta":{"_joinchat":[]},"product_brand":[],"product_cat":[58],"product_tag":[],"class_list":{"0":"post-2466","1":"product","2":"type-product","3":"status-publish","4":"has-post-thumbnail","6":"product_cat-chapa","7":"aux-has-gallery","9":"first","10":"instock","11":"taxable","12":"shipping-taxable","13":"purchasable","14":"product-type-simple"},"_links":{"self":[{"href":"https:\/\/perfilescieza.es\/fr\/wp-json\/wp\/v2\/product\/2466","targetHints":{"allow":["GET"]}}],"collection":[{"href":"https:\/\/perfilescieza.es\/fr\/wp-json\/wp\/v2\/product"}],"about":[{"href":"https:\/\/perfilescieza.es\/fr\/wp-json\/wp\/v2\/types\/product"}],"replies":[{"embeddable":true,"href":"https:\/\/perfilescieza.es\/fr\/wp-json\/wp\/v2\/comments?post=2466"}],"wp:featuredmedia":[{"embeddable":true,"href":"https:\/\/perfilescieza.es\/fr\/wp-json\/wp\/v2\/media\/2469"}],"wp:attachment":[{"href":"https:\/\/perfilescieza.es\/fr\/wp-json\/wp\/v2\/media?parent=2466"}],"wp:term":[{"taxonomy":"product_brand","embeddable":true,"href":"https:\/\/perfilescieza.es\/fr\/wp-json\/wp\/v2\/product_brand?post=2466"},{"taxonomy":"product_cat","embeddable":true,"href":"https:\/\/perfilescieza.es\/fr\/wp-json\/wp\/v2\/product_cat?post=2466"},{"taxonomy":"product_tag","embeddable":true,"href":"https:\/\/perfilescieza.es\/fr\/wp-json\/wp\/v2\/product_tag?post=2466"}],"curies":[{"name":"wp","href":"https:\/\/api.w.org\/{rel}","templated":true}]}}