{"id":2456,"date":"2025-05-14T08:26:35","date_gmt":"2025-05-14T06:26:35","guid":{"rendered":"https:\/\/perfilescieza.es\/?post_type=product&#038;p=2456"},"modified":"2025-05-14T08:55:01","modified_gmt":"2025-05-14T06:55:01","slug":"chapa-trapezoidal-y-minionda-perforada","status":"publish","type":"product","link":"https:\/\/perfilescieza.es\/fr\/produit\/chapa-trapezoidal-y-minionda-perforada\/","title":{"rendered":"T\u00f4le perfor\u00e9e trap\u00e9zo\u00efdale et mini-onde"},"content":{"rendered":"<p><strong>T\u00f4le perfor\u00e9e trap\u00e9zo\u00efdale et mini-onde<\/strong><\/p>\n<p>Mat\u00e9riau r\u00e9alis\u00e9 en t\u00f4le galvanis\u00e9e perfor\u00e9e de haute qualit\u00e9 et haute r\u00e9sistance, avec ajout d&#039;un rev\u00eatement en r\u00e9sine thermolaqu\u00e9e aux finitions lisses.<\/p>\n<p>Consultez les couleurs.<\/p>\n<p>\u00c9paisseur simple 0,5 mm<\/p>\n<p>Nous fabriquons la t\u00f4le \u00e0 la dimension souhait\u00e9e.<\/p>","protected":false},"excerpt":{"rendered":"<p>&nbsp;<\/p>\n<p>Mat\u00e9riau r\u00e9alis\u00e9 en t\u00f4le galvanis\u00e9e perfor\u00e9e de haute qualit\u00e9 et haute r\u00e9sistance, avec ajout d&#039;un rev\u00eatement en r\u00e9sine thermolaqu\u00e9e aux finitions lisses.<\/p>\n<p>Consultez les couleurs.<\/p>","protected":false},"featured_media":2465,"comment_status":"closed","ping_status":"closed","template":"","meta":{"_joinchat":[]},"product_brand":[],"product_cat":[58],"product_tag":[],"class_list":{"0":"post-2456","1":"product","2":"type-product","3":"status-publish","4":"has-post-thumbnail","6":"product_cat-chapa","7":"aux-has-gallery","9":"first","10":"instock","11":"taxable","12":"shipping-taxable","13":"purchasable","14":"product-type-simple"},"_links":{"self":[{"href":"https:\/\/perfilescieza.es\/fr\/wp-json\/wp\/v2\/product\/2456","targetHints":{"allow":["GET"]}}],"collection":[{"href":"https:\/\/perfilescieza.es\/fr\/wp-json\/wp\/v2\/product"}],"about":[{"href":"https:\/\/perfilescieza.es\/fr\/wp-json\/wp\/v2\/types\/product"}],"replies":[{"embeddable":true,"href":"https:\/\/perfilescieza.es\/fr\/wp-json\/wp\/v2\/comments?post=2456"}],"wp:featuredmedia":[{"embeddable":true,"href":"https:\/\/perfilescieza.es\/fr\/wp-json\/wp\/v2\/media\/2465"}],"wp:attachment":[{"href":"https:\/\/perfilescieza.es\/fr\/wp-json\/wp\/v2\/media?parent=2456"}],"wp:term":[{"taxonomy":"product_brand","embeddable":true,"href":"https:\/\/perfilescieza.es\/fr\/wp-json\/wp\/v2\/product_brand?post=2456"},{"taxonomy":"product_cat","embeddable":true,"href":"https:\/\/perfilescieza.es\/fr\/wp-json\/wp\/v2\/product_cat?post=2456"},{"taxonomy":"product_tag","embeddable":true,"href":"https:\/\/perfilescieza.es\/fr\/wp-json\/wp\/v2\/product_tag?post=2456"}],"curies":[{"name":"wp","href":"https:\/\/api.w.org\/{rel}","templated":true}]}}