{"id":2360,"date":"2025-05-12T16:52:05","date_gmt":"2025-05-12T14:52:05","guid":{"rendered":"https:\/\/perfilescieza.es\/?post_type=product&#038;p=2360"},"modified":"2025-05-12T16:56:27","modified_gmt":"2025-05-12T14:56:27","slug":"pletina-o-plantilla","status":"publish","type":"product","link":"https:\/\/perfilescieza.es\/fr\/produit\/pletina-o-plantilla\/","title":{"rendered":"Plaque ou gabarit"},"content":{"rendered":"<p>Lamin\u00e9 \u00e0 froid, lamin\u00e9 \u00e0 chaud, galvanis\u00e9, d\u00e9cap\u00e9, etc.<\/p>\n<p>N&#039;h\u00e9sitez pas \u00e0 nous consulter.<\/p>","protected":false},"excerpt":{"rendered":"<p>Lamin\u00e9 \u00e0 froid, lamin\u00e9 \u00e0 chaud, galvanis\u00e9, d\u00e9cap\u00e9, etc.<\/p>\n<p>N&#039;h\u00e9sitez pas \u00e0 nous consulter.<\/p>","protected":false},"featured_media":2361,"comment_status":"closed","ping_status":"closed","template":"","meta":{"_joinchat":[]},"product_brand":[],"product_cat":[20],"product_tag":[],"class_list":{"0":"post-2360","1":"product","2":"type-product","3":"status-publish","4":"has-post-thumbnail","6":"product_cat-hierros","7":"aux-has-gallery","9":"first","10":"instock","11":"taxable","12":"shipping-taxable","13":"purchasable","14":"product-type-simple"},"_links":{"self":[{"href":"https:\/\/perfilescieza.es\/fr\/wp-json\/wp\/v2\/product\/2360","targetHints":{"allow":["GET"]}}],"collection":[{"href":"https:\/\/perfilescieza.es\/fr\/wp-json\/wp\/v2\/product"}],"about":[{"href":"https:\/\/perfilescieza.es\/fr\/wp-json\/wp\/v2\/types\/product"}],"replies":[{"embeddable":true,"href":"https:\/\/perfilescieza.es\/fr\/wp-json\/wp\/v2\/comments?post=2360"}],"wp:featuredmedia":[{"embeddable":true,"href":"https:\/\/perfilescieza.es\/fr\/wp-json\/wp\/v2\/media\/2361"}],"wp:attachment":[{"href":"https:\/\/perfilescieza.es\/fr\/wp-json\/wp\/v2\/media?parent=2360"}],"wp:term":[{"taxonomy":"product_brand","embeddable":true,"href":"https:\/\/perfilescieza.es\/fr\/wp-json\/wp\/v2\/product_brand?post=2360"},{"taxonomy":"product_cat","embeddable":true,"href":"https:\/\/perfilescieza.es\/fr\/wp-json\/wp\/v2\/product_cat?post=2360"},{"taxonomy":"product_tag","embeddable":true,"href":"https:\/\/perfilescieza.es\/fr\/wp-json\/wp\/v2\/product_tag?post=2360"}],"curies":[{"name":"wp","href":"https:\/\/api.w.org\/{rel}","templated":true}]}}