{"id":2313,"date":"2025-05-12T15:35:11","date_gmt":"2025-05-12T13:35:11","guid":{"rendered":"https:\/\/perfilescieza.es\/?post_type=product&#038;p=2313"},"modified":"2025-05-12T15:37:30","modified_gmt":"2025-05-12T13:37:30","slug":"arranque-con-plantilla","status":"publish","type":"product","link":"https:\/\/perfilescieza.es\/fr\/produit\/arranque-con-plantilla\/","title":{"rendered":"Commencer avec le mod\u00e8le"},"content":{"rendered":"<p>Gabarit de d\u00e9part galvanis\u00e9 pour cl\u00f4ture.<\/p>\n<p>1,50 m\u00e8tre<\/p>\n<p>1,75 m\u00e8tre<\/p>\n<p>2,00 m\u00e8tres<\/p>\n<p>N&#039;h\u00e9sitez pas \u00e0 nous consulter.<\/p>","protected":false},"excerpt":{"rendered":"<p>Gabarit de d\u00e9part galvanis\u00e9 pour cl\u00f4ture.<\/p>\n<p>N&#039;h\u00e9sitez pas \u00e0 nous consulter.<\/p>","protected":false},"featured_media":2316,"comment_status":"closed","ping_status":"closed","template":"","meta":{"_joinchat":[]},"product_brand":[],"product_cat":[62,61],"product_tag":[],"class_list":{"0":"post-2313","1":"product","2":"type-product","3":"status-publish","4":"has-post-thumbnail","6":"product_cat-poste","7":"product_cat-malla","8":"aux-has-gallery","10":"first","11":"instock","12":"taxable","13":"shipping-taxable","14":"purchasable","15":"product-type-simple"},"_links":{"self":[{"href":"https:\/\/perfilescieza.es\/fr\/wp-json\/wp\/v2\/product\/2313","targetHints":{"allow":["GET"]}}],"collection":[{"href":"https:\/\/perfilescieza.es\/fr\/wp-json\/wp\/v2\/product"}],"about":[{"href":"https:\/\/perfilescieza.es\/fr\/wp-json\/wp\/v2\/types\/product"}],"replies":[{"embeddable":true,"href":"https:\/\/perfilescieza.es\/fr\/wp-json\/wp\/v2\/comments?post=2313"}],"wp:featuredmedia":[{"embeddable":true,"href":"https:\/\/perfilescieza.es\/fr\/wp-json\/wp\/v2\/media\/2316"}],"wp:attachment":[{"href":"https:\/\/perfilescieza.es\/fr\/wp-json\/wp\/v2\/media?parent=2313"}],"wp:term":[{"taxonomy":"product_brand","embeddable":true,"href":"https:\/\/perfilescieza.es\/fr\/wp-json\/wp\/v2\/product_brand?post=2313"},{"taxonomy":"product_cat","embeddable":true,"href":"https:\/\/perfilescieza.es\/fr\/wp-json\/wp\/v2\/product_cat?post=2313"},{"taxonomy":"product_tag","embeddable":true,"href":"https:\/\/perfilescieza.es\/fr\/wp-json\/wp\/v2\/product_tag?post=2313"}],"curies":[{"name":"wp","href":"https:\/\/api.w.org\/{rel}","templated":true}]}}