{"id":2274,"date":"2025-05-12T11:28:45","date_gmt":"2025-05-12T09:28:45","guid":{"rendered":"https:\/\/perfilescieza.es\/?post_type=product&#038;p=2274"},"modified":"2026-03-05T11:46:13","modified_gmt":"2026-03-05T10:46:13","slug":"alambre-para-malla-simple-torsion","status":"publish","type":"product","link":"https:\/\/perfilescieza.es\/fr\/produit\/alambre-para-malla-simple-torsion\/","title":{"rendered":"Fil galvanis\u00e9 pour treillis \u00e0 simple torsion"},"content":{"rendered":"<p>Bobine de fil galvanis\u00e9 diam\u00e8tre 2,20 pour ligature de treillis simple torsion.<\/p>\n<p>Il est fourni au kg.<\/p>\n<p>Posez vos questions.<\/p>","protected":false},"excerpt":{"rendered":"<p>Bobine de fil galvanis\u00e9 diam\u00e8tre 2,20 pour ligature de treillis simple torsion.<\/p>","protected":false},"featured_media":2275,"comment_status":"closed","ping_status":"closed","template":"","meta":{"_joinchat":[]},"product_brand":[],"product_cat":[20],"product_tag":[],"class_list":{"0":"post-2274","1":"product","2":"type-product","3":"status-publish","4":"has-post-thumbnail","6":"product_cat-hierros","7":"aux-has-gallery","9":"first","10":"instock","11":"taxable","12":"shipping-taxable","13":"purchasable","14":"product-type-simple"},"_links":{"self":[{"href":"https:\/\/perfilescieza.es\/fr\/wp-json\/wp\/v2\/product\/2274","targetHints":{"allow":["GET"]}}],"collection":[{"href":"https:\/\/perfilescieza.es\/fr\/wp-json\/wp\/v2\/product"}],"about":[{"href":"https:\/\/perfilescieza.es\/fr\/wp-json\/wp\/v2\/types\/product"}],"replies":[{"embeddable":true,"href":"https:\/\/perfilescieza.es\/fr\/wp-json\/wp\/v2\/comments?post=2274"}],"wp:featuredmedia":[{"embeddable":true,"href":"https:\/\/perfilescieza.es\/fr\/wp-json\/wp\/v2\/media\/2275"}],"wp:attachment":[{"href":"https:\/\/perfilescieza.es\/fr\/wp-json\/wp\/v2\/media?parent=2274"}],"wp:term":[{"taxonomy":"product_brand","embeddable":true,"href":"https:\/\/perfilescieza.es\/fr\/wp-json\/wp\/v2\/product_brand?post=2274"},{"taxonomy":"product_cat","embeddable":true,"href":"https:\/\/perfilescieza.es\/fr\/wp-json\/wp\/v2\/product_cat?post=2274"},{"taxonomy":"product_tag","embeddable":true,"href":"https:\/\/perfilescieza.es\/fr\/wp-json\/wp\/v2\/product_tag?post=2274"}],"curies":[{"name":"wp","href":"https:\/\/api.w.org\/{rel}","templated":true}]}}