{"id":1002,"date":"2023-12-26T11:56:58","date_gmt":"2023-12-26T10:56:58","guid":{"rendered":"https:\/\/perfilescieza.es\/?post_type=product&#038;p=1002"},"modified":"2026-03-13T12:57:38","modified_gmt":"2026-03-13T11:57:38","slug":"malla-vallado-simple-torsion","status":"publish","type":"product","link":"https:\/\/perfilescieza.es\/fr\/produit\/malla-vallado-simple-torsion\/","title":{"rendered":"Grillage de cl\u00f4ture \u00e0 torsion simple"},"content":{"rendered":"<p>Maille de cl\u00f4ture \u00e0 torsion simple.<\/p>\n<p>Galvanis\u00e9.<\/p>\n<p>Mesures:<\/p>\n<p>Rouleau 1,50 * 25 m\u00e8tres \u2013 52,50 \u20ac\/rouleau<\/p>\n<p>Rouleau 1,75 * 25 m\u00e8tres \u2013 60,90 \u20ac\/rouleau<\/p>\n<p>Rouleau 2,00 * 25 m\u00e8tres \u2013 70,00 \u20ac\/rouleau<\/p>\n<p>Pour d&#039;autres mesures, consultez.<\/p>\n<p><strong>Les meilleurs prix du march\u00e9, n&#039;h\u00e9sitez pas \u00e0 demander.<\/strong><\/p>","protected":false},"excerpt":{"rendered":"<p>Maille de cl\u00f4ture \u00e0 torsion simple.<\/p>\n<p>Galvanis\u00e9.<\/p>\n<p>Mesures:<\/p>\n<p>Rouleau 1,50 * 25 m\u00e8tres \u2013 52,50 \u20ac\/rouleau<\/p>\n<p>Rouleau 1,75 * 25 m\u00e8tres \u2013 60,90 \u20ac\/rouleau<\/p>\n<p>Rouleau 2,00 * 25 m\u00e8tres \u2013 70,00 \u20ac\/rouleau<\/p>\n<p>Pour d&#039;autres mesures, consultez.<\/p>\n<p><strong>Les meilleurs prix du march\u00e9, n&#039;h\u00e9sitez pas \u00e0 demander.<\/strong><\/p>","protected":false},"featured_media":1003,"comment_status":"closed","ping_status":"closed","template":"","meta":{"_joinchat":[]},"product_brand":[],"product_cat":[61],"product_tag":[],"class_list":{"0":"post-1002","1":"product","2":"type-product","3":"status-publish","4":"has-post-thumbnail","6":"product_cat-malla","7":"aux-has-gallery","9":"first","10":"instock","11":"taxable","12":"shipping-taxable","13":"purchasable","14":"product-type-simple"},"_links":{"self":[{"href":"https:\/\/perfilescieza.es\/fr\/wp-json\/wp\/v2\/product\/1002","targetHints":{"allow":["GET"]}}],"collection":[{"href":"https:\/\/perfilescieza.es\/fr\/wp-json\/wp\/v2\/product"}],"about":[{"href":"https:\/\/perfilescieza.es\/fr\/wp-json\/wp\/v2\/types\/product"}],"replies":[{"embeddable":true,"href":"https:\/\/perfilescieza.es\/fr\/wp-json\/wp\/v2\/comments?post=1002"}],"wp:featuredmedia":[{"embeddable":true,"href":"https:\/\/perfilescieza.es\/fr\/wp-json\/wp\/v2\/media\/1003"}],"wp:attachment":[{"href":"https:\/\/perfilescieza.es\/fr\/wp-json\/wp\/v2\/media?parent=1002"}],"wp:term":[{"taxonomy":"product_brand","embeddable":true,"href":"https:\/\/perfilescieza.es\/fr\/wp-json\/wp\/v2\/product_brand?post=1002"},{"taxonomy":"product_cat","embeddable":true,"href":"https:\/\/perfilescieza.es\/fr\/wp-json\/wp\/v2\/product_cat?post=1002"},{"taxonomy":"product_tag","embeddable":true,"href":"https:\/\/perfilescieza.es\/fr\/wp-json\/wp\/v2\/product_tag?post=1002"}],"curies":[{"name":"wp","href":"https:\/\/api.w.org\/{rel}","templated":true}]}}